{"id":3,"date":"2024-06-11T03:10:43","date_gmt":"2024-06-11T01:10:43","guid":{"rendered":"https:\/\/www.drangelpadilla.com\/?page_id=3"},"modified":"2025-04-06T17:27:41","modified_gmt":"2025-04-06T22:27:41","slug":"politica-privacidad","status":"publish","type":"page","link":"https:\/\/www.drangelpadilla.com\/en\/politica-privacidad\/","title":{"rendered":"Pol\u00edtica de privacidad"},"content":{"rendered":"<div data-elementor-type=\"wp-page\" data-elementor-id=\"3\" class=\"elementor elementor-3\" data-elementor-settings=\"{&quot;ha_cmc_init_switcher&quot;:&quot;no&quot;}\">\n\t\t\t\t<div class=\"elementor-element elementor-element-41f28f54 e-flex e-con-boxed e-con e-parent\" data-id=\"41f28f54\" data-element_type=\"container\" data-e-type=\"container\" data-settings=\"{&quot;_ha_eqh_enable&quot;:false}\">\n\t\t\t\t\t<div class=\"e-con-inner\">\n\t\t\t\t<div class=\"elementor-element elementor-element-40ec30ab elementor-widget elementor-widget-text-editor\" data-id=\"40ec30ab\" data-element_type=\"widget\" data-e-type=\"widget\" data-widget_type=\"text-editor.default\">\n\t\t\t\t<div class=\"elementor-widget-container\">\n\t\t\t\t\t\t\t\t\t<p><span>POL\u00cdTICA DE PRIVACIDAD Y TRATAMIENTO DE DATOS PERSONALES DE ODONTOLOGIA DIGITAL AVANZADA DR ANGEL PADILLA<\/span><\/p>\n<p><strong><span>INTRODUCCI\u00d3N<\/span><\/strong><br \/><span>Al contactar y solicitar los servicios de Odontolog\u00eda Digital Avanzada Dr. Angel Padilla , \u00abla Compa\u00f1\u00eda\u00bb, usted nos conf\u00eda sus datos personales. Entendemos que esto supone una gran responsabilidad y nos comprometemos a proteger su informaci\u00f3n mediante el manejo adecuado de los datos personales que recopilamos, de acuerdo con el marco regulatorio que los rige en Colombia.<\/span><br \/><span>Esta pol\u00edtica de privacidad describe los datos personales que recopilamos, c\u00f3mo los usamos y compartimos, y sus opciones al respecto.<\/span><\/p>\n<p><strong><span>ALCANCE<\/span><\/strong><br \/><span>Esta pol\u00edtica de privacidad es vinculante para Odontolog\u00eda Digital Avanzada Dr. Angel Padilla, como responsable del tratamiento de datos, as\u00ed como para sus filiales y entidades vinculadas econ\u00f3micamente con la Compa\u00f1\u00eda en Colombia y en el extranjero. Odontolog\u00eda Digital Avanzada Dr. Angel Padilla es el \u00fanico responsable del tratamiento de datos, y puede contactarnos en nuestra oficina Ubicada en Rionegro Antioquia, ubicada en la Calle 38 #55a 21 interior 201, o por correo electr\u00f3nico odontologia@drangelpadilla.com<\/span><\/p>\n<p><span>La informaci\u00f3n que recopilamos y almacenamos de nuestros pacientes y clientes depende de la relaci\u00f3n de cada uno con Odontolog\u00eda Digital Avanzada Dr. Angel Padilla. La informaci\u00f3n recopilada o almacenada puede incluir:<\/span><\/p>\n<ul>\n<li><span>Datos p\u00fablicos: Datos no privados o no sensibles, como nombre, n\u00famero y tipo de identificaci\u00f3n, informaci\u00f3n de documentos p\u00fablicos, estado civil, ocupaci\u00f3n o profesi\u00f3n, n\u00fameros de tel\u00e9fono corporativos y direcciones de correo electr\u00f3nico.<\/span><\/li>\n<li><span>Datos privados: Informaci\u00f3n de car\u00e1cter \u00edntimo o reservado que solo es relevante para el individuo, incluyendo datos de ubicaci\u00f3n, informaci\u00f3n del perfil de redes sociales del usuario, informaci\u00f3n de llamadas telef\u00f3nicas, mensajes de texto, preferencias de redes sociales, composici\u00f3n del grupo familiar, aficiones o intereses, informaci\u00f3n relacionada con el trabajo, h\u00e1bitos de consumo, as\u00ed como datos de contacto como domicilio, n\u00fameros de tel\u00e9fono personales, informaci\u00f3n de contacto de emergencia, informaci\u00f3n de itinerario de viaje, incluyendo fechas y horas de vuelos, alojamientos y reservas de veh\u00edculos.<\/span><\/li>\n<li><span>Datos sensibles: Esta categor\u00eda incluye los datos personales m\u00e1s \u00edntimos y sensibles de la persona, cuyo manejo indebido puede dar lugar a discriminaci\u00f3n o a da\u00f1os significativos y dif\u00edciles de reparar. Por ejemplo, fotos de perfil y fotos del estado de salud bucal antes y despu\u00e9s de procedimientos m\u00e9dicos, informaci\u00f3n bancaria o de pago (incluida la verificaci\u00f3n de pagos), historial m\u00e9dico y datos relacionados con la salud bucal o general.<\/span><\/li>\n<\/ul>\n<p><strong><span>DIRECTRICES GENERALES<\/span><\/strong><br \/><span>Tratamiento al que se someter\u00e1n los datos personales: La Compa\u00f1\u00eda utilizar\u00e1 la informaci\u00f3n personal de sus clientes para los fines autorizados e informados, y los indicados en esta pol\u00edtica, siempre que el procesamiento tenga una finalidad leg\u00edtima y sea proporcional a la relaci\u00f3n con el cliente, en particular para lo necesario para la prestaci\u00f3n de los servicios encomendados, como la ejecuci\u00f3n y el cumplimiento de contratos. La autorizaci\u00f3n para el procesamiento de datos sensibles es opcional. Finalidades para las que se procesar\u00e1n los datos: Con el fin de brindar un mejor servicio a empleados, prestadores de servicios, clientes o proveedores, usted autoriza a Odontolog\u00eda Digital Avanzada Dr. Angel Padilla, como responsable del tratamiento de datos, as\u00ed como a socios comerciales, filiales y entidades econ\u00f3micamente relacionadas, como encargados del tratamiento de datos, a procesar sus datos, incluidos los datos sensibles relacionados con la salud. Esto puede o no implicar computaci\u00f3n en la nube, para las siguientes actividades:<\/span><\/p>\n<p><strong><span>Finalidades inherentes al objeto contractual o autorizadas por la normatividad:<\/span><\/strong><br \/><span>1. Compartir informaci\u00f3n con aliados estrat\u00e9gicos para la adquisici\u00f3n de productos y servicios, resoluci\u00f3n de quejas y gesti\u00f3n comercial.<\/span><br \/><span>2. Consultar y obtener copia de la historia cl\u00ednica o datos cl\u00ednicos, que sean sensibles, con el prop\u00f3sito de evaluar y gestionar riesgos relacionados con la salud, el bienestar y la calidad de vida.<\/span><br \/><span>3. Transmitir o transferir datos personales para atraer, evaluar y captar la atenci\u00f3n del cliente, as\u00ed como para la ejecuci\u00f3n de contratos necesarios para apoyar las operaciones de La Compa\u00f1\u00eda.<\/span><br \/><span>4. Prestar servicios de salud bucal y realizar auditor\u00edas de calidad.<\/span><br \/><span>5. Procesar datos para atender cualquier reclamaci\u00f3n que se realice sobre el producto contratado o atenci\u00f3n proactiva al mismo.<\/span><br \/><span>6. Compartir informaci\u00f3n con prestadores o proveedores autorizados para la coordinaci\u00f3n de servicios o solicitudes, con las limitaciones y reglas de esta pol\u00edtica.<\/span><br \/><span>7. Realizar evaluaciones de la calidad de los productos y servicios ofrecidos por La Compa\u00f1\u00eda.<\/span><br \/><span>8. Defender a Odontolog\u00eda Digital Avanzada Dr. Angel Padilla en procedimientos legales iniciados por o en contra de La Compa\u00f1\u00eda.<\/span><br \/><strong><span>Finalidades inherentes al funcionamiento de la empresa:<\/span><\/strong><br \/><span>1. Procesar datos de colaboradores, empleados o candidatos para su reclutamiento, desempe\u00f1o laboral o prestaci\u00f3n de servicios, jubilaci\u00f3n o terminaci\u00f3n. Esto incluye, entre otras cosas, el proceso de selecci\u00f3n, actividades vinculantes, reconocimiento y pago de beneficios legales y extralegales, comunicaciones internas y externas, procesamiento de informaci\u00f3n en diversas aplicaciones tecnol\u00f3gicas instaladas en los servidores de la empresa o en la nube.<\/span><br \/><span>2. Realizar pagos y afiliaciones al Sistema General de Seguridad Social de empleados y colaboradores.<\/span><br \/><span>3. Procesar datos relacionados con la salud por parte del departamento de Seguridad y Salud en el Trabajo de La Empresa para prevenir enfermedades o accidentes laborales y monitorear las actividades relacionadas con el Sistema de Gesti\u00f3n de Seguridad y Salud en el Trabajo.<\/span><br \/><span>4. Procesar datos para la vigilancia y seguridad de personas, bienes e instalaciones de La Empresa, lo cual puede llevarse a cabo mediante la captura de im\u00e1genes en sistemas de videovigilancia y el uso de dicha informaci\u00f3n en diversos procesos laborales y administrativos, como investigaciones de fraude, prevenci\u00f3n de fraude y\/o procesos disciplinarios y sancionatorios.<\/span><br \/><strong><span>Otras finalidades:<\/span><\/strong><br \/><span>1. Compartir o recibir informaci\u00f3n con entidades y asociaciones odontol\u00f3gicas, entre otras, para llevar a cabo actividades y proyectos en el sector sanitario.<\/span><br \/><span>2. Contactar con usted para el env\u00edo de ofertas comerciales e informaci\u00f3n publicitaria.<\/span><br \/><span>3. Estudiar el comportamiento digital (redes sociales, sitios web, aplicaciones) para ofrecer asesoramiento integral sobre productos y servicios, y crear perfiles de intereses y h\u00e1bitos de consumo.<\/span><br \/><span>4. Procesamiento de pagos y facturaci\u00f3n.<\/span><\/p>\n<p><strong><span>Derechos de los titulares de los datos:<\/span><\/strong><br \/><span>De acuerdo con lo dispuesto en la Ley 1581 de 2012, los titulares de los datos tienen derecho a autorizar el tratamiento de sus datos personales, revocar la autorizaci\u00f3n, conocer los datos objeto de tratamiento, actualizarlos, corregirlos cuando exista una deficiencia en su calidad y solicitar la supresi\u00f3n de los datos siempre y cuando no exista obligaci\u00f3n legal o contractual de continuar el tratamiento (art\u00edculo 2.2.2.25.2.8 del Decreto 1074 de 2015), por ejemplo, en los casos en que las finalidades sean inherentes al objeto contratado y sin las cuales no sea posible su ejecuci\u00f3n o sean inherentes al funcionamiento de la Compa\u00f1\u00eda.<\/span><br \/><strong><span>Ejercicio de los derechos sobre los datos:<\/span><\/strong><br \/><span>Los titulares de la informaci\u00f3n podr\u00e1n ejercer sus derechos en cualquier momento comunic\u00e1ndose con la l\u00ednea de atenci\u00f3n al cliente en Rionegro\u00a0 al <\/span><a href=\"tel:+573245832934\"><span>+573145553135<\/span><\/a><span>\u00a0 , enviando un correo electr\u00f3nico a <\/span><a href=\"\/en\/odontologia@drangelpadilla.com\/\"><span>odontologia@drangelpadilla.com<\/span><\/a><span>\u00a0o contact\u00e1ndonos a trav\u00e9s de diversos medios como el sitio web y las redes sociales.<\/span><br \/><span>Principios generales para garantizar la protecci\u00f3n de los datos personales de los clientes:<\/span><br \/><span>Adem\u00e1s del compromiso legal y corporativo de La Compa\u00f1\u00eda de garantizar la confidencialidad de la informaci\u00f3n personal de sus clientes, empleados y colaboradores, se establecen los siguientes principios generales para el tratamiento de la informaci\u00f3n de conformidad con los presentes en la Ley 1581 de 2012, el Cap\u00edtulo 25 del Decreto 1074 de 2015 y dem\u00e1s leyes aplicables:<\/span><br \/><span>Principio de legalidad: La informaci\u00f3n personal de los clientes no ser\u00e1 objeto de tratamiento sin el cumplimiento de las normas establecidas en la normatividad vigente.<\/span><br \/><span>Principio de finalidad: La inclusi\u00f3n de datos en las bases de datos f\u00edsicas o digitales de La Compa\u00f1\u00eda debe responder a una finalidad leg\u00edtima, la cual ser\u00e1 debidamente comunicada al titular de los datos en la cl\u00e1usula de autorizaci\u00f3n de tratamiento y en la pol\u00edtica de privacidad.<\/span><br \/><span>Principio de libertad: La Compa\u00f1\u00eda procesar\u00e1 los datos personales de sus clientes solo cuando estos lo autoricen o cuando exista una disposici\u00f3n legal que lo permita, de conformidad con el art\u00edculo 3(a) y el art\u00edculo 6(a) de la Ley 1581 de 2012, as\u00ed como la Secci\u00f3n II del Cap\u00edtulo 25 del Decreto 1074 de 2015.<\/span><br \/><span>Principio de exactitud y calidad: La Compa\u00f1\u00eda se esforzar\u00e1 por garantizar que la informaci\u00f3n del cliente sea precisa y est\u00e9 actualizada, proporcionando medios eficientes para la actualizaci\u00f3n y rectificaci\u00f3n de los datos personales.<\/span><br \/><span>Principio de transparencia: Los mecanismos establecidos para el ejercicio de los derechos de los titulares de los datos garantizar\u00e1n el acceso a la informaci\u00f3n sobre los datos personales relativos al titular de los datos y a sus herederos, as\u00ed como a terceros autorizados por el titular de los datos.<\/span><br \/><span>Principio de Acceso y Circulaci\u00f3n Restringidos: La Compa\u00f1\u00eda se compromete a garantizar que solo las personas autorizadas puedan acceder a la informaci\u00f3n personal. Su circulaci\u00f3n se limitar\u00e1 a los fines autorizados por el usuario o por la normativa. La Compa\u00f1\u00eda contar\u00e1 con medios contractuales para garantizar la confidencialidad y la circulaci\u00f3n restringida de la informaci\u00f3n.<\/span><br \/><span>Principio de Seguridad: La Compa\u00f1\u00eda implementar\u00e1 medidas t\u00e9cnicas, administrativas y humanas para garantizar que la informaci\u00f3n personal de los titulares de los datos, almacenada en bases de datos f\u00edsicas o digitales, no circule ni sea accedida por personas no autorizadas.<\/span><br \/><span>Principio de Confidencialidad: Todas las personas que participen en el tratamiento de datos personales que no sean de naturaleza p\u00fablica est\u00e1n obligadas a garantizar la confidencialidad de la informaci\u00f3n, incluso despu\u00e9s de concluida su relaci\u00f3n con cualquiera de las tareas involucradas en el tratamiento. Solo podr\u00e1n proporcionar o comunicar datos personales cuando corresponda a las actividades autorizadas por la ley y bajo sus t\u00e9rminos.<\/span><\/p>\n<p><span>Divulgaci\u00f3n de Informaci\u00f3n Personal a Proveedores de Servicios:<\/span><br \/><span>Para cumplir con la relaci\u00f3n contractual que La Compa\u00f1\u00eda mantiene con el titular de los datos, se podr\u00e1 compartir o entregar informaci\u00f3n personal a proveedores para los fines autorizados por el titular de los datos o previstos por la ley.\u00a0<\/span><span>Esto puede incluir instituciones, profesionales de la salud, laboratorios dentales, centros de llamadas, compa\u00f1\u00edas de seguros y personas f\u00edsicas o jur\u00eddicas que presten servicios profesionales de marketing, desarrollo de software y cualquier otra actividad para llevar a cabo el objeto social de La Compa\u00f1\u00eda y brindar una atenci\u00f3n adecuada.\u00a0<\/span><span>Siempre que se comparta o entregue informaci\u00f3n a proveedores, La Compa\u00f1\u00eda se asegurar\u00e1 de que se establezcan condiciones que vinculen al proveedor con las pol\u00edticas de privacidad y seguridad de la informaci\u00f3n para que la informaci\u00f3n personal de los titulares de los datos est\u00e9 protegida.\u00a0<\/span><span>Tambi\u00e9n se establecer\u00e1n acuerdos de confidencialidad para el manejo de la informaci\u00f3n y las obligaciones del responsable del procesamiento cuando el tipo de entrega lo requiera.<\/span><br \/><span>Periodo de Procesamiento de Datos:<\/span><br \/><span>La informaci\u00f3n proporcionada por los titulares de los datos se almacenar\u00e1 durante un per\u00edodo determinado por el titular de los datos o seg\u00fan lo indique la ley para el cumplimiento de los fines para los que fue incluida.<\/span><br \/><span>Modificaciones a la Pol\u00edtica de Privacidad y Tratamiento de Datos Personales:<\/span><br \/><span>La Compa\u00f1\u00eda se reserva el derecho de modificar las normas de confidencialidad y protecci\u00f3n de datos para adaptarlas a nuevos requerimientos legales, jurisprudenciales, t\u00e9cnicos y, en general, cuando sea necesario para brindar un mejor servicio.<\/span><br \/><span>Aceptaci\u00f3n de esta Pol\u00edtica de Privacidad:<\/span><br \/><span>Los titulares de los datos aceptan el tratamiento de sus datos personales de conformidad con los t\u00e9rminos de esta pol\u00edtica de privacidad cuando proporcionan datos a trav\u00e9s de nuestros canales o puntos de servicio, cuando se afilian a La Compa\u00f1\u00eda o cuando adquieren alguno de nuestros productos o servicios.<\/span><br \/><span>GOBERNANZA<\/span><br \/><span>La aprobaci\u00f3n de esta pol\u00edtica es responsabilidad del m\u00e1ximo \u00f3rgano de gobierno de La Compa\u00f1\u00eda, y cualquier cambio debe ser aprobado por este mismo \u00f3rgano.\u00a0<\/span><span>El responsable de datos de La Compa\u00f1\u00eda o su delegado es responsable de gestionar y hacer cumplir esta pol\u00edtica.<\/span><br \/><span>INSTANCIAS DE TOMA DE DECISIONES<\/span><br \/><span>Las instancias de toma de decisiones respecto a la protecci\u00f3n de datos personales se ajustar\u00e1n a las definiciones del responsable de datos de La Compa\u00f1\u00eda o su delegado, la normativa laboral y las leyes aplicables.<\/span><br \/><span>DIVULGACI\u00d3N<\/span><br \/><span>Esta pol\u00edtica ser\u00e1 vinculante y deber\u00e1 estar disponible para todos los empleados, colaboradores y partes interesadas dentro de los sitios definidos por La Compa\u00f1\u00eda.\u00a0<\/span><span>El responsable de datos de la Compa\u00f1\u00eda o su delegado es responsable de administrar esta pol\u00edtica y, al hacerlo, gestionar\u00e1 su divulgaci\u00f3n, cumplimiento y actualizaciones.<\/span><br \/><span>ACTUALIZACIONES:<\/span><br \/><span>Ocasionalmente, podemos actualizar nuestras pol\u00edticas.\u00a0<\/span><span>Si realizamos cambios significativos, se lo notificaremos a trav\u00e9s de las redes sociales.<\/span><span>Recomendamos a nuestros clientes que revisen peri\u00f3dicamente esta pol\u00edtica para obtener informaci\u00f3n actualizada sobre nuestras pr\u00e1cticas de privacidad.<\/span><\/p>\t\t\t\t\t\t\t\t<\/div>\n\t\t\t\t<\/div>\n\t\t\t\t\t<\/div>\n\t\t\t\t<\/div>\n\t\t\t\t<\/div>","protected":false},"excerpt":{"rendered":"<p>POL\u00cdTICA DE PRIVACIDAD Y TRATAMIENTO DE DATOS PERSONALES DE ODONTOLOGIA DIGITAL AVANZADA DR ANGEL PADILLA INTRODUCCI\u00d3NAl contactar y solicitar los servicios de Odontolog\u00eda Digital Avanzada Dr. Angel Padilla , \u00abla Compa\u00f1\u00eda\u00bb, usted nos conf\u00eda sus datos personales. Entendemos que esto supone una gran responsabilidad y nos comprometemos a proteger su informaci\u00f3n mediante el manejo adecuado [&hellip;]<\/p>\n","protected":false},"author":1,"featured_media":0,"parent":0,"menu_order":0,"comment_status":"closed","ping_status":"open","template":"","meta":{"_uag_custom_page_level_css":"","_monsterinsights_skip_tracking":false,"_monsterinsights_sitenote_active":false,"_monsterinsights_sitenote_note":"","_monsterinsights_sitenote_category":0,"site-sidebar-layout":"default","site-content-layout":"","ast-site-content-layout":"","site-content-style":"default","site-sidebar-style":"default","ast-global-header-display":"","ast-banner-title-visibility":"","ast-main-header-display":"","ast-hfb-above-header-display":"","ast-hfb-below-header-display":"","ast-hfb-mobile-header-display":"","site-post-title":"","ast-breadcrumbs-content":"","ast-featured-img":"","footer-sml-layout":"","theme-transparent-header-meta":"","adv-header-id-meta":"","stick-header-meta":"","header-above-stick-meta":"","header-main-stick-meta":"","header-below-stick-meta":"","astra-migrate-meta-layouts":"default","ast-page-background-enabled":"default","ast-page-background-meta":{"desktop":{"background-color":"var(--ast-global-color-4)","background-image":"","background-repeat":"repeat","background-position":"center center","background-size":"auto","background-attachment":"scroll","background-type":"","background-media":"","overlay-type":"","overlay-color":"","overlay-opacity":"","overlay-gradient":""},"tablet":{"background-color":"","background-image":"","background-repeat":"repeat","background-position":"center center","background-size":"auto","background-attachment":"scroll","background-type":"","background-media":"","overlay-type":"","overlay-color":"","overlay-opacity":"","overlay-gradient":""},"mobile":{"background-color":"","background-image":"","background-repeat":"repeat","background-position":"center center","background-size":"auto","background-attachment":"scroll","background-type":"","background-media":"","overlay-type":"","overlay-color":"","overlay-opacity":"","overlay-gradient":""}},"ast-content-background-meta":{"desktop":{"background-color":"var(--ast-global-color-5)","background-image":"","background-repeat":"repeat","background-position":"center center","background-size":"auto","background-attachment":"scroll","background-type":"","background-media":"","overlay-type":"","overlay-color":"","overlay-opacity":"","overlay-gradient":""},"tablet":{"background-color":"var(--ast-global-color-5)","background-image":"","background-repeat":"repeat","background-position":"center center","background-size":"auto","background-attachment":"scroll","background-type":"","background-media":"","overlay-type":"","overlay-color":"","overlay-opacity":"","overlay-gradient":""},"mobile":{"background-color":"var(--ast-global-color-5)","background-image":"","background-repeat":"repeat","background-position":"center center","background-size":"auto","background-attachment":"scroll","background-type":"","background-media":"","overlay-type":"","overlay-color":"","overlay-opacity":"","overlay-gradient":""}},"_joinchat":[],"footnotes":""},"class_list":["post-3","page","type-page","status-publish","hentry"],"aioseo_notices":[],"uagb_featured_image_src":{"full":false,"thumbnail":false,"medium":false,"medium_large":false,"large":false,"1536x1536":false,"2048x2048":false,"trp-custom-language-flag":false},"uagb_author_info":{"display_name":"Drangelpadilla","author_link":"https:\/\/www.drangelpadilla.com\/en\/author\/drangelpadilla\/"},"uagb_comment_info":0,"uagb_excerpt":"POL\u00cdTICA DE PRIVACIDAD Y TRATAMIENTO DE DATOS PERSONALES DE ODONTOLOGIA DIGITAL AVANZADA DR ANGEL PADILLA INTRODUCCI\u00d3NAl contactar y solicitar los servicios de Odontolog\u00eda Digital Avanzada Dr. Angel Padilla , \u00abla Compa\u00f1\u00eda\u00bb, usted nos conf\u00eda sus datos personales. Entendemos que esto supone una gran responsabilidad y nos comprometemos a proteger su informaci\u00f3n mediante el manejo adecuado&hellip;","_links":{"self":[{"href":"https:\/\/www.drangelpadilla.com\/en\/wp-json\/wp\/v2\/pages\/3","targetHints":{"allow":["GET"]}}],"collection":[{"href":"https:\/\/www.drangelpadilla.com\/en\/wp-json\/wp\/v2\/pages"}],"about":[{"href":"https:\/\/www.drangelpadilla.com\/en\/wp-json\/wp\/v2\/types\/page"}],"author":[{"embeddable":true,"href":"https:\/\/www.drangelpadilla.com\/en\/wp-json\/wp\/v2\/users\/1"}],"replies":[{"embeddable":true,"href":"https:\/\/www.drangelpadilla.com\/en\/wp-json\/wp\/v2\/comments?post=3"}],"version-history":[{"count":0,"href":"https:\/\/www.drangelpadilla.com\/en\/wp-json\/wp\/v2\/pages\/3\/revisions"}],"wp:attachment":[{"href":"https:\/\/www.drangelpadilla.com\/en\/wp-json\/wp\/v2\/media?parent=3"}],"curies":[{"name":"wp","href":"https:\/\/api.w.org\/{rel}","templated":true}]}}